{"id":447,"date":"2022-10-18T21:37:59","date_gmt":"2022-10-18T19:37:59","guid":{"rendered":"https:\/\/vestigium.de\/?page_id=447"},"modified":"2022-10-18T21:37:59","modified_gmt":"2022-10-18T19:37:59","slug":"keltenfuerst","status":"publish","type":"page","link":"https:\/\/vestigium.de\/de\/keltenfuerst\/","title":{"rendered":"&#8222;Keltenf\u00fcrst&#8220; | Musik von Markus Haf\u00b4s Vestigium"},"content":{"rendered":"<div class=\"epyt-video-wrapper\"><iframe loading=\"lazy\"  id=\"_ytid_76429\"  width=\"640\" height=\"360\"  data-origwidth=\"640\" data-origheight=\"360\" src=\"https:\/\/www.youtube-nocookie.com\/embed\/L9cNMKPWJBk?enablejsapi=1&#038;autoplay=0&#038;cc_load_policy=0&#038;cc_lang_pref=&#038;iv_load_policy=1&#038;loop=0&#038;rel=1&#038;fs=1&#038;playsinline=0&#038;autohide=2&#038;hl=de_DE&#038;theme=dark&#038;color=red&#038;controls=1&#038;disablekb=0&#038;\" class=\"__youtube_prefs__  no-lazyload\" title=\"YouTube player\"  allow=\"fullscreen; accelerometer; autoplay; clipboard-write; encrypted-media; gyroscope; picture-in-picture; web-share\" referrerpolicy=\"strict-origin-when-cross-origin\" allowfullscreen data-no-lazy=\"1\" data-skipgform_ajax_framebjll=\"\"><\/iframe><\/div>\n\n\n<p><\/p>\n\n\n\n<p>Mehr Musik von mir gibt es <a href=\"https:\/\/vestigium.de\/music\/\">hier<\/a> oder auf meinem <a href=\"https:\/\/www.youtube.com\/channel\/UCc6nv7UNJGgcNCkSo-nUfVw\">YouTube-Kanal<\/a>.<\/p>\n\n\n\n<p>&#8222;Keltenf\u00fcrst&#8220; ist ein episches Orchesterst\u00fcck. Es beschreibt einen Stammesh\u00e4uptling, der 700 v. Chr. im heutigen S\u00fcdwestdeutschland lebte. Der erste Teil des Videos zeigt einen keltischen Grabh\u00fcgel. Der Keltenf\u00fcrst liegt dort nach einer gro\u00dfen Schlacht begraben.<\/p>\n\n\n\n<p>Blockfl\u00f6ten spielen eine leise Melodie, die von einer Laute begleitet wird. In die eigentlich sanften T\u00f6ne mischt sich ein Synthesizer mit d\u00fcsteren, bedrohlichen Kl\u00e4ngen. Trommeln setzen ein und Streicher beginnen mit einem Ostinato. Die Spannung steigt und entl\u00e4dt sich schlie\u00dflich beim Erscheinen des Keltenf\u00fcrsten ab [2:11]. Kraftvolle Streicher und Blechbl\u00e4ser beschreiben in einer eing\u00e4ngigen Hymne den einst m\u00e4chtigen Stammesh\u00e4uptling.<\/p>\n\n\n\n<p><strong>Hintergrundinfos zum St\u00fcck:<\/strong><\/p>\n\n\n\n<p>Die Kelten legten in der Hallstattzeit (8. \u2013 5. Jahrhundert vor Christus) f\u00fcr Ihre Stammesf\u00fcrsten Grabh\u00fcgel an. In der Mitte befand sich eine h\u00f6lzerne Grabkammer, um die ein Erdh\u00fcgel aufgeschichtet wurde. Rund um meine Heimatgemeinde in S\u00fcdwestdeutschland befinden sich etwa 30 solcher Gr\u00e4ber. Durch die Landwirtschaft wurden diese im Lauf der Zeit jedoch stark eingeebnet. Allerdings gibt es dort auch ein Grabh\u00fcgel-Modell in Originalgr\u00f6\u00dfe. Ich komme oft daran vorbei. Und dabei entstand die Idee, ein St\u00fcck \u00fcber einen imagin\u00e4ren Keltenf\u00fcrsten zu schreiben, der hier vor 2.700 Jahren lebte, k\u00e4mpfte und starb. Im Musikvideo ist das Modell des Keltengrabes zu sehen.<\/p>\n\n\n\n<p>Mehr Musik von mir gibt es <a href=\"https:\/\/vestigium.de\/music\/\">hier<\/a> oder auf meinem <a href=\"https:\/\/www.youtube.com\/channel\/UCc6nv7UNJGgcNCkSo-nUfVw\">YouTube-Kanal<\/a> (gerne abonnieren).<\/p>\n\n\n<div class=\"wp-block-image\">\n<figure class=\"aligncenter size-large is-resized\"><img loading=\"lazy\" decoding=\"async\" src=\"https:\/\/vestigium.de\/wp-content\/uploads\/2019\/07\/Vestigium_Rosenkette-1024x576.png\" alt=\"\" class=\"wp-image-198\" width=\"376\" height=\"211\" srcset=\"https:\/\/vestigium.de\/wp-content\/uploads\/2019\/07\/Vestigium_Rosenkette-1024x576.png 1024w, https:\/\/vestigium.de\/wp-content\/uploads\/2019\/07\/Vestigium_Rosenkette-300x169.png 300w, https:\/\/vestigium.de\/wp-content\/uploads\/2019\/07\/Vestigium_Rosenkette-768x432.png 768w, https:\/\/vestigium.de\/wp-content\/uploads\/2019\/07\/Vestigium_Rosenkette.png 1920w\" sizes=\"auto, (max-width: 376px) 100vw, 376px\" \/><\/figure>\n<\/div>","protected":false},"excerpt":{"rendered":"<p>Mehr Musik von mir gibt es hier oder auf meinem YouTube-Kanal. &#8222;Keltenf\u00fcrst&#8220; ist ein episches Orchesterst\u00fcck. Es beschreibt einen Stammesh\u00e4uptling, der 700 v. Chr. im heutigen S\u00fcdwestdeutschland lebte. Der erste Teil des Videos zeigt einen keltischen Grabh\u00fcgel. Der Keltenf\u00fcrst liegt dort nach einer gro\u00dfen Schlacht begraben. Blockfl\u00f6ten spielen eine leise Melodie, die von einer Laute [&hellip;]<\/p>\n","protected":false},"author":1,"featured_media":0,"parent":0,"menu_order":0,"comment_status":"closed","ping_status":"closed","template":"","meta":{"footnotes":""},"class_list":["post-447","page","type-page","status-publish","hentry"],"translation":{"provider":"WPGlobus","version":"3.0.2","language":"de","enabled_languages":["en","de"],"languages":{"en":{"title":true,"content":true,"excerpt":false},"de":{"title":false,"content":false,"excerpt":false}}},"_links":{"self":[{"href":"https:\/\/vestigium.de\/de\/wp-json\/wp\/v2\/pages\/447","targetHints":{"allow":["GET"]}}],"collection":[{"href":"https:\/\/vestigium.de\/de\/wp-json\/wp\/v2\/pages"}],"about":[{"href":"https:\/\/vestigium.de\/de\/wp-json\/wp\/v2\/types\/page"}],"author":[{"embeddable":true,"href":"https:\/\/vestigium.de\/de\/wp-json\/wp\/v2\/users\/1"}],"replies":[{"embeddable":true,"href":"https:\/\/vestigium.de\/de\/wp-json\/wp\/v2\/comments?post=447"}],"version-history":[{"count":5,"href":"https:\/\/vestigium.de\/de\/wp-json\/wp\/v2\/pages\/447\/revisions"}],"predecessor-version":[{"id":455,"href":"https:\/\/vestigium.de\/de\/wp-json\/wp\/v2\/pages\/447\/revisions\/455"}],"wp:attachment":[{"href":"https:\/\/vestigium.de\/de\/wp-json\/wp\/v2\/media?parent=447"}],"curies":[{"name":"wp","href":"https:\/\/api.w.org\/{rel}","templated":true}]}}