{"id":316,"date":"2021-12-07T22:53:48","date_gmt":"2021-12-07T21:53:48","guid":{"rendered":"https:\/\/vestigium.de\/?page_id=316"},"modified":"2021-12-19T18:21:13","modified_gmt":"2021-12-19T17:21:13","slug":"hoer-auf-meine-worte","status":"publish","type":"page","link":"https:\/\/vestigium.de\/de\/hoer-auf-meine-worte\/","title":{"rendered":"H\u00f6r\u00b4 auf meine Worte"},"content":{"rendered":"\n<h2 class=\"wp-block-heading\">Chornoten und H\u00f6rprobe<\/h2>\n\n\n\n<figure class=\"wp-block-image size-large\"><img loading=\"lazy\" decoding=\"async\" width=\"1024\" height=\"576\" src=\"https:\/\/vestigium.de\/wp-content\/uploads\/2021\/12\/Hoer_auf_meine_Worte-1024x576.jpg\" alt=\"\" class=\"wp-image-367\" srcset=\"https:\/\/vestigium.de\/wp-content\/uploads\/2021\/12\/Hoer_auf_meine_Worte-1024x576.jpg 1024w, https:\/\/vestigium.de\/wp-content\/uploads\/2021\/12\/Hoer_auf_meine_Worte-300x169.jpg 300w, https:\/\/vestigium.de\/wp-content\/uploads\/2021\/12\/Hoer_auf_meine_Worte-768x432.jpg 768w, https:\/\/vestigium.de\/wp-content\/uploads\/2021\/12\/Hoer_auf_meine_Worte-1536x864.jpg 1536w, https:\/\/vestigium.de\/wp-content\/uploads\/2021\/12\/Hoer_auf_meine_Worte-2048x1152.jpg 2048w\" sizes=\"auto, (max-width: 1024px) 100vw, 1024px\" \/><figcaption>Textauszug aus dem vierstimmigen Chorst\u00fcck \u201eH\u00f6r\u00b4 auf meine Worte\u201c | Foto: Markus Haf<\/figcaption><\/figure>\n\n\n\n<h2 class=\"wp-block-heading\">R\u00fcckblick<\/h2>\n\n\n\n<p>Es d\u00fcrfte so um das Jahr 1993 gewesen sein. Damals war ich Pianist in unserem evangelischen Jugendchor.<\/p>\n\n\n\n<p>Als ich im Fr\u00fchjahr 2020 die Klavierstimme f\u00fcr ein neues St\u00fcck schrieb, erinnerte mich die Melodie gleich wieder an diese Zeit. Eigentlich komponiere ich Musik im epischen Stil und orientiere mich dabei an Filmmusik. Aber in dieses Genre passten Akkordfolge und Melodie einfach nicht (siehe Video unten). Mir war sofort klar, dass ich daraus ein Chorlied schreiben muss.<\/p>\n\n\n\n<h2 class=\"wp-block-heading\">Premiere<\/h2>\n\n\n\n<p>Bis dato hatte ich noch nie etwas f\u00fcr einen Chor geschrieben. Aber &#8211; dem Internet sei Dank &#8211; konnte ich mich mit der Materie vertraut machen. Und so entstand \u00fcber einen Zeitraum von eineinhalb Jahren &#8222;H\u00f6r\u00b4 auf meine Worte&#8220; &#8211;  ein 4-stimmiger Chorsatz mit Klavierbegleitung.<\/p>\n\n\n\n<h2 class=\"wp-block-heading\">Botschaft<\/h2>\n\n\n\n<p>Wir d\u00fcrfen mit allem was uns besch\u00e4ftigt oder \u00e4ngstigt zu Gott kommen. Gott h\u00f6rt uns zu. Und er spricht zu uns Menschen. Auch heute. Er nutzt daf\u00fcr unterschiedliche M\u00f6glichkeiten. Ich habe das selbst erlebt. Es muss nicht immer ein Vers in der Bibel sein, der einen anspricht. Es k\u00f6nnen auch Menschen sein, die er im richtigen Moment zu uns schickt. Oder ganz banale Dinge wie eine Reportage im Fernsehen oder ein Zeitungsbericht, auf den wir scheinbar ganz zuf\u00e4llig sto\u00dfen.<\/p>\n\n\n\n<p>Aber Gott antwortet nicht immer und auch nicht so, wie wir es oftmals gerne h\u00e4tten. Dennoch d\u00fcrfen wir darauf vertrauen, dass er da ist und f\u00fcr uns sorgt.<\/p>\n\n\n\n<p>Ganz im Sinn des Psalm 149 m\u00f6chte ich mit &#8222;H\u00f6r\u00b4 auf meine Worte&#8220; DANKE sagen:<\/p>\n\n\n\n<blockquote class=\"wp-block-quote is-layout-flow wp-block-quote-is-layout-flow\"><p>&#8222;Singt dem HERRN ein neues Lied, preist ihn, wenn ihr zusammenkommt, alle, die ihr zu ihm haltet!<\/p><p>R\u00fchmt ihn mit festlichem Reigentanz, singt ihm zum Takt der Tambourine, ehrt ihn mit eurem Saitenspiel!&#8220;<\/p><cite>Auszug aus Psalm 149<\/cite><\/blockquote>\n\n\n\n<p><\/p>\n\n\n\n<h2 class=\"wp-block-heading\">Noten und H\u00f6rprobe<\/h2>\n\n\n\n<p>Doch genug meiner Worte &#8211; jetzt ist Zeit reinzuh\u00f6ren und reinzuschauen. Bei Interesse am kompletten Notensatz einfach eine E-Mail an &#x69;&#110;f&#x6f;&#64;v&#x65;&#x73;&#116;&#x69;&#x67;&#105;u&#x6d;&#46;d&#x65; schreiben.<\/p>\n\n\n\n<h3 class=\"wp-block-heading\">Noten:<\/h3>\n\n\n\n<div class=\"wp-block-columns is-layout-flex wp-container-core-columns-is-layout-9d6595d7 wp-block-columns-is-layout-flex\">\n<div class=\"wp-block-column is-layout-flow wp-block-column-is-layout-flow\">\n<div class=\"wp-block-group\"><div class=\"wp-block-group__inner-container is-layout-flow wp-block-group-is-layout-flow\">\n<div class=\"wp-block-file\"><a href=\"https:\/\/vestigium.de\/wp-content\/uploads\/2021\/12\/Hoer-auf-meine-Worte-Singpartitur-Muster.pdf\">H\u00f6r auf meine Worte -Singpartitur &#8211; Muster<\/a><a href=\"https:\/\/vestigium.de\/wp-content\/uploads\/2021\/12\/Hoer-auf-meine-Worte-Singpartitur-Muster.pdf\" class=\"wp-block-file__button\" download>Herunterladen<\/a><\/div>\n<\/div><\/div>\n<\/div>\n\n\n\n<div class=\"wp-block-column is-layout-flow wp-block-column-is-layout-flow\">\n<div class=\"wp-block-file\"><a href=\"https:\/\/vestigium.de\/wp-content\/uploads\/2021\/12\/Hoer-auf-meine-Worte-Klavierpartitur-Muster.pdf\">H\u00f6r auf meine Worte &#8211; Klavierpartitur &#8211; Muster<\/a><a href=\"https:\/\/vestigium.de\/wp-content\/uploads\/2021\/12\/Hoer-auf-meine-Worte-Klavierpartitur-Muster.pdf\" class=\"wp-block-file__button\" download>Herunterladen<\/a><\/div>\n<\/div>\n<\/div>\n\n\n\n<p><\/p>\n\n\n\n<p><\/p>\n\n\n\n<h3 class=\"wp-block-heading\">Audios und H\u00f6rproben:<\/h3>\n\n\n\n<p> H\u00f6rprobe (Klavier und Chor): <\/p>\n\n\n\n<figure class=\"wp-block-audio\"><audio controls src=\"https:\/\/vestigium.de\/wp-content\/uploads\/2021\/11\/Hoer-auf-meine-Worte-Hoerprobe.mp3\"><\/audio><\/figure>\n\n\n\n<p><\/p>\n\n\n\n<p>Klavierbegleitung:<\/p>\n\n\n\n<figure class=\"wp-block-audio\"><audio controls src=\"https:\/\/vestigium.de\/wp-content\/uploads\/2021\/12\/Hoer-auf-meine-Worte-Klavier-1.mp3\"><\/audio><\/figure>\n\n\n\n<p><\/p>\n\n\n\n<p> Chorstimme (Vers und Refrain mit Klavier gespielt):<\/p>\n\n\n\n<figure class=\"wp-block-audio\"><audio controls src=\"https:\/\/vestigium.de\/wp-content\/uploads\/2021\/11\/Hoer-auf-meine-Worte-Chor.mp3\"><\/audio><\/figure>\n\n\n\n<p> Sopran (Vers und Refrain mit Klavier gespielt):<\/p>\n\n\n\n<figure class=\"wp-block-audio\"><audio controls src=\"https:\/\/vestigium.de\/wp-content\/uploads\/2021\/11\/Hoer-auf-meine-Worte-Sopran.mp3\"><\/audio><\/figure>\n\n\n\n<p><\/p>\n\n\n\n<p> Alt (Vers und Refrain mit Klavier gespielt):<\/p>\n\n\n\n<figure class=\"wp-block-audio\"><audio controls src=\"https:\/\/vestigium.de\/wp-content\/uploads\/2021\/11\/Hoer-auf-meine-Worte-Alt.mp3\"><\/audio><\/figure>\n\n\n\n<p><\/p>\n\n\n\n<p> Tenor  (Vers und Refrain mit Klavier gespielt) :<\/p>\n\n\n\n<figure class=\"wp-block-audio\"><audio controls src=\"https:\/\/vestigium.de\/wp-content\/uploads\/2021\/11\/Hoer-auf-meine-Worte-Tenor.mp3\"><\/audio><\/figure>\n\n\n\n<p><\/p>\n\n\n\n<p> Bass (Vers und Refrain mit Klavier gespielt):<\/p>\n\n\n\n<figure class=\"wp-block-audio\"><audio controls src=\"https:\/\/vestigium.de\/wp-content\/uploads\/2021\/11\/Hoer-auf-meine-Worte-Bass.mp3\"><\/audio><\/figure>\n\n\n\n<figure class=\"wp-block-video\"><video height=\"1360\" style=\"aspect-ratio: 1088 \/ 1360;\" width=\"1088\" controls src=\"http:\/\/vestigium.de\/wp-content\/uploads\/2021\/11\/Vestigium_composing_2020-03-15.mp4\"><\/video><figcaption>Fr\u00fchjahr 2020 &#8211; Ein neues St\u00fcck entsteht<\/figcaption><\/figure>\n","protected":false},"excerpt":{"rendered":"<p>Chornoten und H\u00f6rprobe R\u00fcckblick Es d\u00fcrfte so um das Jahr 1993 gewesen sein. Damals war ich Pianist in unserem evangelischen Jugendchor. Als ich im Fr\u00fchjahr 2020 die Klavierstimme f\u00fcr ein neues St\u00fcck schrieb, erinnerte mich die Melodie gleich wieder an diese Zeit. Eigentlich komponiere ich Musik im epischen Stil und orientiere mich dabei an Filmmusik. [&hellip;]<\/p>\n","protected":false},"author":1,"featured_media":0,"parent":0,"menu_order":0,"comment_status":"closed","ping_status":"closed","template":"","meta":{"footnotes":""},"class_list":["post-316","page","type-page","status-publish","hentry"],"translation":{"provider":"WPGlobus","version":"3.0.2","language":"de","enabled_languages":["en","de"],"languages":{"en":{"title":true,"content":true,"excerpt":false},"de":{"title":false,"content":false,"excerpt":false}}},"_links":{"self":[{"href":"https:\/\/vestigium.de\/de\/wp-json\/wp\/v2\/pages\/316","targetHints":{"allow":["GET"]}}],"collection":[{"href":"https:\/\/vestigium.de\/de\/wp-json\/wp\/v2\/pages"}],"about":[{"href":"https:\/\/vestigium.de\/de\/wp-json\/wp\/v2\/types\/page"}],"author":[{"embeddable":true,"href":"https:\/\/vestigium.de\/de\/wp-json\/wp\/v2\/users\/1"}],"replies":[{"embeddable":true,"href":"https:\/\/vestigium.de\/de\/wp-json\/wp\/v2\/comments?post=316"}],"version-history":[{"count":9,"href":"https:\/\/vestigium.de\/de\/wp-json\/wp\/v2\/pages\/316\/revisions"}],"predecessor-version":[{"id":397,"href":"https:\/\/vestigium.de\/de\/wp-json\/wp\/v2\/pages\/316\/revisions\/397"}],"wp:attachment":[{"href":"https:\/\/vestigium.de\/de\/wp-json\/wp\/v2\/media?parent=316"}],"curies":[{"name":"wp","href":"https:\/\/api.w.org\/{rel}","templated":true}]}}