{"id":12,"date":"2018-10-28T13:50:02","date_gmt":"2018-10-28T12:50:02","guid":{"rendered":"http:\/\/vestigium.de\/?page_id=12"},"modified":"2023-11-24T16:25:20","modified_gmt":"2023-11-24T15:25:20","slug":"willkommen-auf-meiner-homepage","status":"publish","type":"page","link":"https:\/\/vestigium.de\/de\/","title":{"rendered":"Home"},"content":{"rendered":"\n<h1 class=\"wp-block-heading has-medium-font-size\">VESTIGIUM\u00ae &#8211; MUSIC THAT TAKES YOU ON FANTASTIC JOURNEYS<\/h1>\n\n\n\n<p>Auf diesen Seiten k\u00f6nnt Ihr in die musikalische Welt von Vestigium eintauchen.<\/p>\n\n\n\n<figure class=\"wp-block-embed is-type-video is-provider-youtube wp-block-embed-youtube wp-embed-aspect-16-9 wp-has-aspect-ratio\"><div class=\"wp-block-embed__wrapper\">\n<div class=\"epyt-video-wrapper\"><iframe loading=\"lazy\"  id=\"_ytid_16600\"  width=\"640\" height=\"360\"  data-origwidth=\"640\" data-origheight=\"360\" src=\"https:\/\/www.youtube-nocookie.com\/embed\/M83bfQ32wME?enablejsapi=1&#038;autoplay=0&#038;cc_load_policy=0&#038;cc_lang_pref=&#038;iv_load_policy=1&#038;loop=0&#038;rel=1&#038;fs=1&#038;playsinline=0&#038;autohide=2&#038;hl=de_DE&#038;theme=dark&#038;color=red&#038;controls=1&#038;disablekb=0&#038;\" class=\"__youtube_prefs__  epyt-is-override  no-lazyload\" title=\"YouTube player\"  allow=\"fullscreen; accelerometer; autoplay; clipboard-write; encrypted-media; gyroscope; picture-in-picture; web-share\" referrerpolicy=\"strict-origin-when-cross-origin\" allowfullscreen data-no-lazy=\"1\" data-skipgform_ajax_framebjll=\"\"><\/iframe><\/div>\n<\/div><\/figure>\n\n\n\n<p><strong>Die Musik<\/strong><\/p>\n\n\n\n<p>Die <a href=\"http:\/\/vestigium.de\/music\/\">Vestigium-Kompositionen<\/a> haben alle etwas gemeinsam: sie enthalten etwas Geheimnisvolles und einen Hauch von Fantasy. Dabei bediene ich mich unterschiedlicher Genres oder Musikstile &#8211; ganz nach Lust und Laune. So sind in den letzten 25 Jahren viele Lieder entstanden, an denen ich Euch hier teilhaben lassen m\u00f6chte. Die Musik soll inspirieren, animieren oder einfach zum relaxen und tr\u00e4umen da sein.<\/p>\n\n\n\n<p><strong>Wer oder was ist Vestigium<\/strong><\/p>\n\n\n\n<p>Seit den sp\u00e4ten 1990er-Jahren komponiere ich unter dem Namen Vestigium. Das Wort kommt aus dem Lateinischen und hei\u00dft \u00fcbersetzt \u201eSpur\u201c oder \u201eFu\u00dfabdruck\u201c. F\u00fcr mich bedeutet das, auch einen kleinen musikalischen Fu\u00dfabdruck in der gro\u00dfen weiten Musikwelt zu hinterlassen.<\/p>\n\n\n\n<p>Schon seit Kindesbeinen komponiere und arrangiere ich meine eigenen Musikst\u00fccke. In damaligen Zeiten habe ich mich von Dancefloor- und Dreamdance-Acts inspirieren lassen &#8211; heute finde ich meine Impulse vor allem in epischer Filmmusik.<\/p>\n\n\n\n<p><strong>Noch mehr Vestigium<\/strong><\/p>\n\n\n\n<p>Auf <a href=\"https:\/\/www.youtube.com\/channel\/UCc6nv7UNJGgcNCkSo-nUfVw\">YouTube<\/a>, <a href=\"https:\/\/www.facebook.com\/pages\/category\/Musician-Band\/Markus-Hafs-Vestigium-1167027813463993\/\">Facebook<\/a> und <a href=\"https:\/\/www.instagram.com\/the_real_vestigium\/\">Instagram<\/a> findet Ihr weitere meiner Musikst\u00fccke und Kompositionen. Dort erhaltet Ihr au\u00dferdem neue Informationen und k\u00f6nnt Euch gerne mit mir austauschen. Meine <a href=\"https:\/\/vestigium.de\/linktree\/\">Link\u00fcbersicht<\/a> f\u00fchrt euch direkt zur Musik auf den Streaming-Plattformen.<\/p>\n\n\n\n<p>Viel Spa\u00df mit meiner Musik!<\/p>\n\n\n\n<p>Markus<\/p>\n","protected":false},"excerpt":{"rendered":"<p>VESTIGIUM\u00ae &#8211; MUSIC THAT TAKES YOU ON FANTASTIC JOURNEYS Auf diesen Seiten k\u00f6nnt Ihr in die musikalische Welt von Vestigium eintauchen. Die Musik Die Vestigium-Kompositionen haben alle etwas gemeinsam: sie enthalten etwas Geheimnisvolles und einen Hauch von Fantasy. Dabei bediene ich mich unterschiedlicher Genres oder Musikstile &#8211; ganz nach Lust und Laune. So sind in [&hellip;]<\/p>\n","protected":false},"author":1,"featured_media":0,"parent":0,"menu_order":0,"comment_status":"closed","ping_status":"closed","template":"","meta":{"footnotes":""},"class_list":["post-12","page","type-page","status-publish","hentry"],"translation":{"provider":"WPGlobus","version":"3.0.2","language":"de","enabled_languages":["en","de"],"languages":{"en":{"title":true,"content":true,"excerpt":false},"de":{"title":false,"content":true,"excerpt":false}}},"_links":{"self":[{"href":"https:\/\/vestigium.de\/de\/wp-json\/wp\/v2\/pages\/12","targetHints":{"allow":["GET"]}}],"collection":[{"href":"https:\/\/vestigium.de\/de\/wp-json\/wp\/v2\/pages"}],"about":[{"href":"https:\/\/vestigium.de\/de\/wp-json\/wp\/v2\/types\/page"}],"author":[{"embeddable":true,"href":"https:\/\/vestigium.de\/de\/wp-json\/wp\/v2\/users\/1"}],"replies":[{"embeddable":true,"href":"https:\/\/vestigium.de\/de\/wp-json\/wp\/v2\/comments?post=12"}],"version-history":[{"count":9,"href":"https:\/\/vestigium.de\/de\/wp-json\/wp\/v2\/pages\/12\/revisions"}],"predecessor-version":[{"id":588,"href":"https:\/\/vestigium.de\/de\/wp-json\/wp\/v2\/pages\/12\/revisions\/588"}],"wp:attachment":[{"href":"https:\/\/vestigium.de\/de\/wp-json\/wp\/v2\/media?parent=12"}],"curies":[{"name":"wp","href":"https:\/\/api.w.org\/{rel}","templated":true}]}}